{"id":6,"date":"2022-12-01T22:40:29","date_gmt":"2022-12-01T21:40:29","guid":{"rendered":"http:\/\/frrip.pl\/?page_id=6"},"modified":"2022-12-29T17:08:10","modified_gmt":"2022-12-29T16:08:10","slug":"strona-glowna","status":"publish","type":"page","link":"https:\/\/frrip.pl\/","title":{"rendered":"Strona g\u0142\u00f3wna"},"content":{"rendered":"\n<p><\/p>\n\n\n\n<p><\/p>\n\n\n\n<p style=\"font-size:22px\"><strong>\u201eKto si\u0119 przestaje rozwija\u0107, umiera\u201d <\/strong>Antoine de Saint-Exup\u00e9ry<\/p>\n\n\n\n<p>Celem Fundacji jest dzia\u0142alno\u015b\u0107 o charakterze o\u015bwiatowym, kulturalnym, dobroczynnym na rzecz rozwoju &nbsp;spo\u0142ecze\u0144stwa obywatelskiego w Polsce, tworz\u0105cego ludziom warunki r\u00f3wnych szans na drodze do ich rozwoju intelektualnego, zawodowego, spo\u0142ecznego i kulturalnego.<\/p>\n\n\n\n<p>Fundacja prowadzi dzia\u0142alno\u015b\u0107 edukacyjn\u0105, szkoleniow\u0105 w obszarze wsparcia obywateli w procesie zwi\u0119kszania ich wiedzy i \u015bwiadomo\u015bci czyni\u0105cej ich aktywnymi uczestnikami zmian rynkowych.<\/p>\n","protected":false},"excerpt":{"rendered":"<p>\u201eKto si\u0119 przestaje rozwija\u0107, umiera\u201d Antoine de Saint-Exup\u00e9ry Celem Fundacji jest dzia\u0142alno\u015b\u0107 o charakterze o\u015bwiatowym, kulturalnym, dobroczynnym na rzecz rozwoju &nbsp;spo\u0142ecze\u0144stwa obywatelskiego w Polsce, tworz\u0105cego ludziom warunki r\u00f3wnych szans na drodze do ich rozwoju intelektualnego, zawodowego, spo\u0142ecznego i kulturalnego. Fundacja prowadzi dzia\u0142alno\u015b\u0107 edukacyjn\u0105, szkoleniow\u0105 w obszarze wsparcia obywateli w procesie zwi\u0119kszania ich wiedzy i \u015bwiadomo\u015bci&hellip;&nbsp;<a href=\"https:\/\/frrip.pl\/\" class=\"\" rel=\"bookmark\">Czytaj dalej &raquo;<span class=\"screen-reader-text\">Strona g\u0142\u00f3wna<\/span><\/a><\/p>\n","protected":false},"author":1,"featured_media":0,"parent":0,"menu_order":0,"comment_status":"closed","ping_status":"closed","template":"","meta":{"neve_meta_sidebar":"","neve_meta_container":"","neve_meta_enable_content_width":"on","neve_meta_content_width":100,"neve_meta_title_alignment":"","neve_meta_author_avatar":"","neve_post_elements_order":"","neve_meta_disable_header":"","neve_meta_disable_footer":"","neve_meta_disable_title":"on","footnotes":""},"class_list":["post-6","page","type-page","status-publish","hentry"],"_links":{"self":[{"href":"https:\/\/frrip.pl\/index.php?rest_route=\/wp\/v2\/pages\/6","targetHints":{"allow":["GET"]}}],"collection":[{"href":"https:\/\/frrip.pl\/index.php?rest_route=\/wp\/v2\/pages"}],"about":[{"href":"https:\/\/frrip.pl\/index.php?rest_route=\/wp\/v2\/types\/page"}],"author":[{"embeddable":true,"href":"https:\/\/frrip.pl\/index.php?rest_route=\/wp\/v2\/users\/1"}],"replies":[{"embeddable":true,"href":"https:\/\/frrip.pl\/index.php?rest_route=%2Fwp%2Fv2%2Fcomments&post=6"}],"version-history":[{"count":4,"href":"https:\/\/frrip.pl\/index.php?rest_route=\/wp\/v2\/pages\/6\/revisions"}],"predecessor-version":[{"id":99,"href":"https:\/\/frrip.pl\/index.php?rest_route=\/wp\/v2\/pages\/6\/revisions\/99"}],"wp:attachment":[{"href":"https:\/\/frrip.pl\/index.php?rest_route=%2Fwp%2Fv2%2Fmedia&parent=6"}],"curies":[{"name":"wp","href":"https:\/\/api.w.org\/{rel}","templated":true}]}}